{"id":157,"date":"2023-07-15T23:53:51","date_gmt":"2023-07-15T21:53:51","guid":{"rendered":"https:\/\/parolryby.pl\/?page_id=157"},"modified":"2024-09-25T20:18:17","modified_gmt":"2024-09-25T18:18:17","slug":"odwiedz-nas","status":"publish","type":"page","link":"https:\/\/parolryby.pl\/index.php\/odwiedz-nas\/","title":{"rendered":"Odwied\u017a nas!"},"content":{"rendered":"\n<h3 class=\"wp-block-heading\">Odwied\u017a nas!<\/h3>\n\n\n\n<p>Nasze wyroby mo\u017cna kupi\u0107 bezpo\u015brednio w <a href=\"https:\/\/www.google.com\/maps\/place\/Kaborno+45,+11-030\/@53.6947434,20.6049031,17z\/data=!3m1!4b1!4m6!3m5!1s0x471d88228aa41473:0x604e361640a32bd9!8m2!3d53.6947434!4d20.6049031!16s%2Fg%2F11j15kjqv5?hl=pl-PL&amp;entry=ttu\" target=\"_blank\" rel=\"noreferrer noopener\">Kabornie<\/a> lub:<\/p>\n\n\n\n<p class=\"has-text-align-center\"><iframe src=\"https:\/\/www.google.com\/maps\/embed?pb=!1m18!1m12!1m3!1d2362.320023372815!2d20.604903099999998!3d53.6947434!2m3!1f0!2f0!3f0!3m2!1i1024!2i768!4f13.1!3m3!1m2!1s0x471d88228aa41473%3A0x604e361640a32bd9!2sKaborno%2045%2C%2011-030!5e0!3m2!1spl!2spl!4v1689494867289!5m2!1spl!2spl\" width=\"600\" height=\"450\" style=\"border:0;\" allowfullscreen=\"\" loading=\"lazy\" referrerpolicy=\"no-referrer-when-downgrade\"><\/iframe><\/p>\n\n\n\n<ul class=\"wp-block-list\">\n<li>w <a href=\"https:\/\/www.google.com\/maps\/place\/Stodo%C5%82a+%22M%C3%B3j+Rynek%22\/@53.8357353,20.4759005,17z\/data=!3m1!4b1!4m6!3m5!1s0x46e27c373f995379:0x1f5c97afea0aa4bb!8m2!3d53.8357353!4d20.4759005!16s%2Fg%2F11b76bm4q2?hl=pl-PL&amp;entry=ttu\" target=\"_blank\" rel=\"noreferrer noopener\">Dywitach<\/a>:<\/li>\n<\/ul>\n\n\n\n<p>w ka\u017cd\u0105 sobot\u0119 od 7.00 do 12.00 w stylowo odrestaurowanej stodole przy Urz\u0119dzie Gminy<\/p>\n\n\n\n<p><iframe src=\"https:\/\/www.google.com\/maps\/embed?pb=!1m18!1m12!1m3!1d2354.4007788065865!2d20.4759005!3d53.8357353!2m3!1f0!2f0!3f0!3m2!1i1024!2i768!4f13.1!3m3!1m2!1s0x46e27c373f995379%3A0x1f5c97afea0aa4bb!2zU3RvZG_FgmEgIk3Ds2ogUnluZWsi!5e0!3m2!1spl!2spl!4v1689495114062!5m2!1spl!2spl\" width=\"600\" height=\"450\" style=\"border:0;\" allowfullscreen=\"\" loading=\"lazy\" referrerpolicy=\"no-referrer-when-downgrade\"><\/iframe>\n<\/p>\n\n\n\n<ul class=\"wp-block-list\">\n<li>w <a href=\"https:\/\/www.google.com\/maps\/place\/Spi%C5%BCarnia+Warmi%C5%84ska\/@53.7201131,20.4356168,17z\/data=!3m1!4b1!4m6!3m5!1s0x46e27fd9c3cb1df9:0x2d6fcb98597d00df!8m2!3d53.7201131!4d20.4356168!16s%2Fg%2F11t7xt0hqp?hl=pl-PL&amp;entry=ttu\" target=\"_blank\" rel=\"noreferrer noopener\">Tomaszkowie<\/a>:<\/li>\n<\/ul>\n\n\n\n<p>&#8211; w ka\u017cd\u0105 sobot\u0119 od 7.00 do 13.00 w hali Spi\u017carni Warmi\u0144skiej przy ul. Pszczela 16 \u2013 200 metr\u00f3w od hali \u201eMazurskich Miod\u00f3w\u201d<\/p>\n\n\n\n<p><iframe src=\"https:\/\/www.google.com\/maps\/embed?pb=!1m18!1m12!1m3!1d2360.896110005268!2d20.4356168!3d53.7201131!2m3!1f0!2f0!3f0!3m2!1i1024!2i768!4f13.1!3m3!1m2!1s0x46e27fd9c3cb1df9%3A0x2d6fcb98597d00df!2zU3Bpxbxhcm5pYSBXYXJtacWEc2th!5e0!3m2!1spl!2spl!4v1689495759071!5m2!1spl!2spl\" width=\"600\" height=\"450\" style=\"border:0;\" allowfullscreen=\"\" loading=\"lazy\" referrerpolicy=\"no-referrer-when-downgrade\"><\/iframe><\/p>\n\n\n\n<p>\u200b<\/p>\n\n\n\n<ul class=\"wp-block-list\">\n<li>w delikatesach <a rel=\"noreferrer noopener\" href=\"https:\/\/goo.gl\/maps\/RYhweSDYKg3DQbMT7\" target=\"_blank\">Butcher<\/a>&nbsp; w Olsztynie<\/li>\n<\/ul>\n\n\n\n<p><iframe src=\"https:\/\/www.google.com\/maps\/embed?pb=!1m18!1m12!1m3!1d2359.2523911501003!2d20.504296299999996!3d53.7493888!2m3!1f0!2f0!3f0!3m2!1i1024!2i768!4f13.1!3m3!1m2!1s0x46e2797e1ade8b4b%3A0x8826e82c2fbe862d!2sDelikatesy%20Pan%20Butcher!5e0!3m2!1spl!2spl!4v1689495806720!5m2!1spl!2spl\" width=\"600\" height=\"450\" style=\"border:0;\" allowfullscreen=\"\" loading=\"lazy\" referrerpolicy=\"no-referrer-when-downgrade\"><\/iframe><\/p>\n\n\n\n<p>w Warszawie:<\/p>\n\n\n\n<p>&#8211; w sieci sklep\u00f3w <a href=\"https:\/\/www.specjalyregionalne.pl\/c\/3\/sklepy-stacjonarne\" target=\"_blank\" rel=\"noreferrer noopener\"><strong><em><mark style=\"background-color:#cac382\" class=\"has-inline-color\">Specja\u0142 Wiejski<\/mark><\/em><\/strong><\/a> &lt;- kliknij aby pozna\u0107 adresy sklep\u00f3w <\/p>\n\n\n\n<p>&#8211; w sieci sklep\u00f3w Owoce &amp; Warzywa &lt;- mapki dost\u0119pne poni\u017cej:<\/p>\n\n\n\n<p><a rel=\"noreferrer noopener\" href=\"https:\/\/www.google.com\/maps\/place\/Owoce+%26+warzywa\/@52.2827781,20.9462874,17z\/data=!3m1!4b1!4m6!3m5!1s0x471ecbb87fdb7d39:0xb454380997dc1751!8m2!3d52.2827781!4d20.9462874!16s%2Fg%2F11t28xt2lj?hl=pl-PL&amp;entry=ttu\" target=\"_blank\">ul. Kasprowicza 81<\/a><\/p>\n\n\n\n<p><iframe src=\"https:\/\/www.google.com\/maps\/embed?pb=!1m18!1m12!1m3!1d2440.8305568922005!2d20.946287400000003!3d52.282778099999994!2m3!1f0!2f0!3f0!3m2!1i1024!2i768!4f13.1!3m3!1m2!1s0x471ecbb87fdb7d39%3A0xb454380997dc1751!2sOwoce%20%26%20warzywa!5e0!3m2!1spl!2spl!4v1689495924028!5m2!1spl!2spl\" width=\"600\" height=\"450\" style=\"border:0;\" allowfullscreen=\"\" loading=\"lazy\" referrerpolicy=\"no-referrer-when-downgrade\"><\/iframe><\/p>\n\n\n\n<p><a rel=\"noreferrer noopener\" href=\"https:\/\/www.google.com\/maps\/place\/Owoce+%26+Warzywa-+S%C5%82owackiego+24\/@52.270287,20.9812952,17z\/data=!3m1!4b1!4m6!3m5!1s0x471ecb81a20b4e45:0x68e8e0784259f059!8m2!3d52.270287!4d20.9812952!16s%2Fg%2F11sv53hsgw?hl=pl-PL&amp;entry=ttu\" target=\"_blank\">ul. S\u0142owackiego 24<\/a><\/p>\n\n\n\n<p><iframe src=\"https:\/\/www.google.com\/maps\/embed?pb=!1m18!1m12!1m3!1d2441.5185638468283!2d20.981295199999998!3d52.270286999999996!2m3!1f0!2f0!3f0!3m2!1i1024!2i768!4f13.1!3m3!1m2!1s0x471ecb81a20b4e45%3A0x68e8e0784259f059!2sOwoce%20%26%20Warzywa-%20S%C5%82owackiego%2024!5e0!3m2!1spl!2spl!4v1689495981785!5m2!1spl!2spl\" width=\"600\" height=\"450\" style=\"border:0;\" allowfullscreen=\"\" loading=\"lazy\" referrerpolicy=\"no-referrer-when-downgrade\"><\/iframe><\/p>\n\n\n\n<p>&nbsp;<a rel=\"noreferrer noopener\" href=\"https:\/\/www.google.com\/maps\/place\/Owoce+%26+Warzywa+-+Obro%C5%84c%C3%B3w+37\/@52.2334382,21.0552586,17z\/data=!3m1!4b1!4m6!3m5!1s0x471ecd1fddcd0c4b:0x813f36088b0f279b!8m2!3d52.2334382!4d21.0552586!16s%2Fg%2F11j121dhnj?hl=pl-PL&amp;entry=ttu\" target=\"_blank\">ul. Obro\u0144c\u00f3w 37<\/a><\/p>\n\n\n\n<p><iframe src=\"https:\/\/www.google.com\/maps\/embed?pb=!1m18!1m12!1m3!1d2443.5475111756427!2d21.0552586!3d52.233438199999995!2m3!1f0!2f0!3f0!3m2!1i1024!2i768!4f13.1!3m3!1m2!1s0x471ecd1fddcd0c4b%3A0x813f36088b0f279b!2sOwoce%20%26%20Warzywa%20-%20Obro%C5%84c%C3%B3w%2037!5e0!3m2!1spl!2spl!4v1689496018816!5m2!1spl!2spl\" width=\"600\" height=\"450\" style=\"border:0;\" allowfullscreen=\"\" loading=\"lazy\" referrerpolicy=\"no-referrer-when-downgrade\"><\/iframe><\/p>\n\n\n\n<p>&nbsp;<a rel=\"noreferrer noopener\" href=\"http:\/\/google.com\/maps\/place\/Owoce+%26+Warzywa-+Browarna+6\/@52.2407849,21.0226761,17z\/data=!3m1!4b1!4m6!3m5!1s0x471ecd4cd5fab9a5:0xa11deeb15ea73357!8m2!3d52.2407849!4d21.0226761!16s%2Fg%2F11j2f3jc6h?hl=pl-PL&amp;entry=ttu\" target=\"_blank\">ul. Browarna 6<\/a><\/p>\n\n\n\n<p><iframe src=\"https:\/\/www.google.com\/maps\/embed?pb=!1m18!1m12!1m3!1d2443.1430720655426!2d21.0226761!3d52.240784899999994!2m3!1f0!2f0!3f0!3m2!1i1024!2i768!4f13.1!3m3!1m2!1s0x471ecd4cd5fab9a5%3A0xa11deeb15ea73357!2sOwoce%20%26%20Warzywa-%20Browarna%206!5e0!3m2!1spl!2spl!4v1689496044675!5m2!1spl!2spl\" width=\"600\" height=\"450\" style=\"border:0;\" allowfullscreen=\"\" loading=\"lazy\" referrerpolicy=\"no-referrer-when-downgrade\"><\/iframe><\/p>\n\n\n\n<p>&nbsp;<a rel=\"noreferrer noopener\" href=\"https:\/\/www.google.com\/maps\/place\/Owoce+%26+Warzywa+-+Rozbrat+22\/@52.2245741,21.0349312,17z\/data=!3m1!4b1!4m6!3m5!1s0x471ecd3609d73881:0x8e16024c50b008f5!8m2!3d52.2245741!4d21.0349312!16s%2Fg%2F11r41fxtvf?hl=pl-PL&amp;entry=ttu\" target=\"_blank\">ul. Rozbrat 22<\/a><\/p>\n\n\n\n<p><iframe src=\"https:\/\/www.google.com\/maps\/embed?pb=!1m18!1m12!1m3!1d2444.0354303524127!2d21.0349312!3d52.2245741!2m3!1f0!2f0!3f0!3m2!1i1024!2i768!4f13.1!3m3!1m2!1s0x471ecd3609d73881%3A0x8e16024c50b008f5!2sOwoce%20%26%20Warzywa%20-%20Rozbrat%2022!5e0!3m2!1spl!2spl!4v1689496071207!5m2!1spl!2spl\" width=\"600\" height=\"450\" style=\"border:0;\" allowfullscreen=\"\" loading=\"lazy\" referrerpolicy=\"no-referrer-when-downgrade\"><\/iframe><\/p>\n\n\n\n<p>&nbsp;<a rel=\"noreferrer noopener\" href=\"https:\/\/www.google.com\/maps\/place\/Owoce+%26+Warzywa-+Kazimierzowska+9\/@52.198703,21.0181024,17z\/data=!3m1!4b1!4m6!3m5!1s0x471ecdb46708a061:0x91a86617821b620e!8m2!3d52.198703!4d21.0181024!16s%2Fg%2F11gxnw6zhc?hl=pl-PL&amp;entry=ttu\" target=\"_blank\">ul. Kazimierzowska 9<\/a><\/p>\n\n\n\n<p><iframe src=\"https:\/\/www.google.com\/maps\/embed?pb=!1m18!1m12!1m3!1d2445.4591552937!2d21.0181024!3d52.198702999999995!2m3!1f0!2f0!3f0!3m2!1i1024!2i768!4f13.1!3m3!1m2!1s0x471ecdb46708a061%3A0x91a86617821b620e!2sOwoce%20%26%20Warzywa-%20Kazimierzowska%209!5e0!3m2!1spl!2spl!4v1689496112982!5m2!1spl!2spl\" width=\"600\" height=\"450\" style=\"border:0;\" allowfullscreen=\"\" loading=\"lazy\" referrerpolicy=\"no-referrer-when-downgrade\"><\/iframe><\/p>\n\n\n\n<p>&nbsp;<a rel=\"noreferrer noopener\" href=\"https:\/\/www.google.com\/maps\/place\/Owoce+%26+Warzywa+-+Filtrowa+81\/@52.2191275,20.9868439,17z\/data=!3m1!4b1!4m6!3m5!1s0x471ecb186a5ae48f:0x28aeee61aadefc29!8m2!3d52.2191275!4d20.9868439!16s%2Fg%2F11jcl92k0t?hl=pl-PL&amp;entry=ttu\" target=\"_blank\">ul. Filtrowa 81<\/a><\/p>\n\n\n\n<p><iframe src=\"https:\/\/www.google.com\/maps\/embed?pb=!1m18!1m12!1m3!1d2444.3352062355016!2d20.9868439!3d52.2191275!2m3!1f0!2f0!3f0!3m2!1i1024!2i768!4f13.1!3m3!1m2!1s0x471ecb186a5ae48f%3A0x28aeee61aadefc29!2sOwoce%20%26%20Warzywa%20-%20Filtrowa%2081!5e0!3m2!1spl!2spl!4v1689496137824!5m2!1spl!2spl\" width=\"600\" height=\"450\" style=\"border:0;\" allowfullscreen=\"\" loading=\"lazy\" referrerpolicy=\"no-referrer-when-downgrade\"><\/iframe><\/p>\n\n\n\n<p>&#8211; w sklepie Zielony Raj <a rel=\"noreferrer noopener\" href=\"https:\/\/www.google.com\/maps\/place\/Zielony+Raj\/@52.2058859,21.0223415,17z\/data=!3m1!4b1!4m6!3m5!1s0x471eccd8909bda55:0xdd4ace36e06a922f!8m2!3d52.2058859!4d21.0223415!16s%2Fg%2F11cs6b8cn_?hl=pl-PL&amp;entry=ttu\" target=\"_blank\">ul. Pu\u0142awska 26A<\/a><\/p>\n\n\n\n<p><iframe src=\"https:\/\/www.google.com\/maps\/embed?pb=!1m18!1m12!1m3!1d2445.0639196562984!2d21.022341500000003!3d52.205885900000006!2m3!1f0!2f0!3f0!3m2!1i1024!2i768!4f13.1!3m3!1m2!1s0x471eccd8909bda55%3A0xdd4ace36e06a922f!2sZielony%20Raj!5e0!3m2!1spl!2spl!4v1689496160645!5m2!1spl!2spl\" width=\"600\" height=\"450\" style=\"border:0;\" allowfullscreen=\"\" loading=\"lazy\" referrerpolicy=\"no-referrer-when-downgrade\"><\/iframe><\/p>\n","protected":false},"excerpt":{"rendered":"<p>Odwied\u017a nas! Nasze wyroby mo\u017cna kupi\u0107 bezpo\u015brednio w Kabornie lub: w ka\u017cd\u0105 sobot\u0119 od 7.00 do 12.00 w stylowo odrestaurowanej stodole przy Urz\u0119dzie Gminy &#8211; w ka\u017cd\u0105 sobot\u0119 od 7.00 do 13.00 w hali Spi\u017carni Warmi\u0144skiej przy ul. Pszczela 16 \u2013 200 metr\u00f3w od hali \u201eMazurskich Miod\u00f3w\u201d \u200b w Warszawie: &#8211; w sieci sklep\u00f3w Specja\u0142 [&hellip;]<\/p>\n","protected":false},"author":1,"featured_media":0,"parent":0,"menu_order":0,"comment_status":"closed","ping_status":"closed","template":"","meta":{"footnotes":""},"class_list":["post-157","page","type-page","status-publish","hentry"],"_links":{"self":[{"href":"https:\/\/parolryby.pl\/index.php\/wp-json\/wp\/v2\/pages\/157","targetHints":{"allow":["GET"]}}],"collection":[{"href":"https:\/\/parolryby.pl\/index.php\/wp-json\/wp\/v2\/pages"}],"about":[{"href":"https:\/\/parolryby.pl\/index.php\/wp-json\/wp\/v2\/types\/page"}],"author":[{"embeddable":true,"href":"https:\/\/parolryby.pl\/index.php\/wp-json\/wp\/v2\/users\/1"}],"replies":[{"embeddable":true,"href":"https:\/\/parolryby.pl\/index.php\/wp-json\/wp\/v2\/comments?post=157"}],"version-history":[{"count":7,"href":"https:\/\/parolryby.pl\/index.php\/wp-json\/wp\/v2\/pages\/157\/revisions"}],"predecessor-version":[{"id":412,"href":"https:\/\/parolryby.pl\/index.php\/wp-json\/wp\/v2\/pages\/157\/revisions\/412"}],"wp:attachment":[{"href":"https:\/\/parolryby.pl\/index.php\/wp-json\/wp\/v2\/media?parent=157"}],"curies":[{"name":"wp","href":"https:\/\/api.w.org\/{rel}","templated":true}]}}