{"id":233,"date":"2023-07-16T13:26:07","date_gmt":"2023-07-16T11:26:07","guid":{"rendered":"https:\/\/parolryby.pl\/?page_id=233"},"modified":"2023-09-16T13:52:22","modified_gmt":"2023-09-16T11:52:22","slug":"naukowo","status":"publish","type":"page","link":"https:\/\/parolryby.pl\/index.php\/naukowo\/","title":{"rendered":"Naukowo"},"content":{"rendered":"\n<h2 class=\"wp-block-heading has-text-align-center has-foreground-color has-text-color has-x-large-font-size\">Doktorat<\/h2>\n\n\n\n<hr class=\"wp-block-separator has-css-opacity is-style-default\"\/>\n\n\n\n<blockquote class=\"wp-block-quote has-text-align-center is-style-large is-layout-flow wp-block-quote-is-layout-flow\">\n<p class=\"has-source-serif-pro-font-family\">W 2005 roku uko\u0144czy\u0142em studia na \u00f3wczesnej Akademii Ekonomicznej w Poznaniu, na Wydziale Towaroznawstwa i zaraz po nich rozpocz\u0105\u0142em studia doktoranckie na Uniwersytecie Warmi\u0144sko-Mazurskim w Olsztynie pod kierunkiem prof. dr hab. Stefana S. Smoczy\u0144skiego. Rozpraw\u0119 doktorsk\u0105 zatytu\u0142owan\u0105 \u201eCzynniki kszta\u0142tuj\u0105ce sk\u0142ad kwas\u00f3w t\u0142uszczowych i wybranych ksenobiotyk\u00f3w w t\u0142uszczu mi\u0119sa ryb s\u0142odkowodnych\u201d obroni\u0142em w 2010 roku ju\u017c na Uniwersytecie Ekonomicznym w Poznaniu. Poni\u017cej zamieszczam kilka ciekawych artyku\u0142\u00f3w dotycz\u0105cych ryb s\u0142odkowodnych oraz najciekawsze fragmenty wynik\u00f3w, kt\u00f3re otrzyma\u0142em badaj\u0105c r\u00f3wnie\u017c swoje ryby.<\/p>\n<cite>\u2014 <em>Jaros\u0142aw Parol<\/em><\/cite><\/blockquote>\n\n\n\n<hr class=\"wp-block-separator has-css-opacity is-style-default\"\/>\n\n\n\n<div data-wp-interactive=\"core\/file\" class=\"wp-block-file aligncenter\"><object data-wp-bind--hidden=\"!state.hasPdfPreview\" hidden class=\"wp-block-file__embed\" data=\"https:\/\/parolryby.pl\/wp-content\/uploads\/2023\/07\/uwm.pdf\" type=\"application\/pdf\" style=\"width:100%;height:600px\" aria-label=\"Osadzone z Ca\u0142\u0105 rozpraw\u0119 doktorsk\u0105 mo\u017cna przeczyta\u0107 powy\u017cej .\"><\/object><a id=\"wp-block-file--media-f776ce3b-fb05-4cdd-9848-4dbf6ba73852\" href=\"https:\/\/parolryby.pl\/wp-content\/uploads\/2023\/07\/uwm.pdf\" target=\"_blank\" rel=\"noreferrer noopener\">Ca\u0142\u0105 rozpraw\u0119 doktorsk\u0105 mo\u017cna przeczyta\u0107 powy\u017cej <\/a><\/div>\n\n\n\n<p class=\"has-text-align-center\">lub<\/p>\n\n\n\n<div class=\"wp-block-buttons is-content-justification-center is-layout-flex wp-container-core-buttons-is-layout-a89b3969 wp-block-buttons-is-layout-flex\">\n<div class=\"wp-block-button\"><a class=\"wp-block-button__link wp-element-button\" href=\"https:\/\/www.wbc.poznan.pl\/dlibra\/publication\/edition\/153051?id=153051&amp;from=&amp;dirids=1&amp;ver_id=&amp;lp=1&amp;QI=\" target=\"_blank\" rel=\"noreferrer noopener\">Pobierz z Wielkopolskiej Biblioteki Cyfrowej<\/a><\/div>\n<\/div>\n\n\n\n<div style=\"height:94px\" aria-hidden=\"true\" class=\"wp-block-spacer\"><\/div>\n\n\n\n<div class=\"wp-block-group is-layout-constrained wp-block-group-is-layout-constrained\">\n<div class=\"wp-block-group is-layout-constrained wp-block-group-is-layout-constrained\">\n<h2 class=\"wp-block-heading has-foreground-color has-text-color\"><em><strong>Nasz w\u0119dzony pstr\u0105g spe\u0142nia nowe normy!<\/strong><\/em><\/h2>\n\n\n\n<p class=\"has-foreground-color has-text-color\">Zlecone przez G\u0142\u00f3wnego Lekarza Weterynarii badania monitoringowe produkt\u00f3w w\u0119dzonych &#8211; w tym ryb &#8211; zosta\u0142y przeprowadzone na naszym tradycyjnie w\u0119dzonym pstr\u0105gu &#8211; spe\u0142nia on nowe restrykcyjne normy.<\/p>\n\n\n\n<div class=\"wp-block-buttons is-content-justification-center is-layout-flex wp-container-core-buttons-is-layout-a89b3969 wp-block-buttons-is-layout-flex\">\n<div class=\"wp-block-button\"><a class=\"wp-block-button__link has-foreground-color has-background-background-color has-text-color has-background wp-element-button\" href=\"https:\/\/parolryby.pl\/index.php\/nasz-wedzony-pstrag-spelnia-nowe-normy\/\">czytaj dalej<\/a><\/div>\n<\/div>\n<\/div>\n<\/div>\n\n\n\n<div class=\"wp-block-group is-layout-constrained wp-block-group-is-layout-constrained\">\n<div style=\"height:56px\" aria-hidden=\"true\" class=\"wp-block-spacer\"><\/div>\n\n\n\n<h2 class=\"wp-block-heading has-foreground-color has-text-color\"><em><strong><em><strong>Co z tym w\u0119dzeniem?<\/strong><\/em><\/strong><\/em><\/h2>\n\n\n\n<p class=\"has-foreground-color has-text-color\">W zwi\u0105zku z wej\u015bciem w \u017cycie z dniem 1 wrze\u015bnia 2014 roku rozporz\u0105dzenia 853\/2011 odno\u015bnie najwy\u017cszych dopuszczalnych poziom\u00f3w wielopier\u015bcieniowych w\u0119glowodor\u00f3w aromatycznych (WWA) w \u015brodkach spo\u017cywczych producenci posiadaj\u0105cy w swojej ofercie wyroby mi\u0119sne i rybne w\u0119dzone b\u0119d\u0105 musieli&#8230;<\/p>\n\n\n\n<div class=\"wp-block-buttons is-content-justification-center is-layout-flex wp-container-core-buttons-is-layout-a89b3969 wp-block-buttons-is-layout-flex\">\n<div class=\"wp-block-button\"><a class=\"wp-block-button__link has-foreground-color has-background-background-color has-text-color has-background wp-element-button\" href=\"https:\/\/parolryby.pl\/index.php\/co-z-tym-wedzeniem\/\">czytaj dalej<\/a><\/div>\n<\/div>\n\n\n\n<div style=\"height:56px\" aria-hidden=\"true\" class=\"wp-block-spacer\"><\/div>\n<\/div>\n\n\n\n<div class=\"wp-block-group is-layout-constrained wp-block-group-is-layout-constrained\">\n<h2 class=\"wp-block-heading has-foreground-color has-text-color\"><em><strong><strong><em>Pstr\u0105g, \u0142oso\u015b, panga, tilapia i inne&#8230;<\/em><\/strong><\/strong><\/em><\/h2>\n\n\n\n<p class=\"has-foreground-color has-text-color\">Zach\u0119cam do zapoznania si\u0119 z tre\u015bci\u0105 artyku\u0142u &#8211; aby dostarczy\u0107 organizmowi rekomendowan\u0105 dzienn\u0105 dawk\u0119 dw\u00f3ch kwas\u00f3w t\u0142uszczowych grupy omega 3 (EPA i DHA) wystarczy zje\u015b\u0107 55 g mi\u0119sa pstr\u0105ga, a pangi a\u017c 4 kilogramy!!!<\/p>\n\n\n\n<div class=\"wp-block-buttons is-content-justification-center is-layout-flex wp-container-core-buttons-is-layout-a89b3969 wp-block-buttons-is-layout-flex\">\n<div class=\"wp-block-button\"><a class=\"wp-block-button__link has-foreground-color has-background-background-color has-text-color has-background wp-element-button\" href=\"https:\/\/parolryby.pl\/index.php\/pstrag-losos-panga-tilapia-i-inne\/\">czytaj dalej<\/a><\/div>\n<\/div>\n\n\n\n<div style=\"height:56px\" aria-hidden=\"true\" class=\"wp-block-spacer\"><\/div>\n<\/div>\n\n\n\n<div class=\"wp-block-group is-layout-constrained wp-block-group-is-layout-constrained\">\n<h2 class=\"wp-block-heading has-foreground-color has-text-color\"><em><strong><em><strong>Prozdrowotne cechy mi\u0119sa ryb<\/strong><\/em><\/strong><\/em><\/h2>\n\n\n\n<p class=\"has-foreground-color has-text-color\">\u017bywno\u015b\u0107 funkcjonalna nabiera w naszym kraju coraz wi\u0119kszego znaczenia, Polacy zaczynaj\u0105 dostrzega\u0107 potrzeb\u0119 zdrowego od\u017cywiania, a wzrost \u015bwiadomo\u015bci konsument\u00f3w&#8230;<\/p>\n\n\n\n<div class=\"wp-block-buttons is-content-justification-center is-layout-flex wp-container-core-buttons-is-layout-a89b3969 wp-block-buttons-is-layout-flex\">\n<div class=\"wp-block-button\"><a class=\"wp-block-button__link has-foreground-color has-background-background-color has-text-color has-background wp-element-button\" href=\"https:\/\/parolryby.pl\/index.php\/prozdrowotne-cechy-miesa-ryb\/\">czytaj dalej<\/a><\/div>\n<\/div>\n\n\n\n<div style=\"height:56px\" aria-hidden=\"true\" class=\"wp-block-spacer\"><\/div>\n<\/div>\n\n\n\n<div class=\"wp-block-group is-layout-constrained wp-block-group-is-layout-constrained\">\n<h2 class=\"wp-block-heading has-foreground-color has-text-color\"><em><strong><em><strong>Raport numeru &#8211; Pstr\u0105g t\u0119czowy<\/strong><\/em><\/strong><\/em><\/h2>\n\n\n\n<p class=\"has-foreground-color has-text-color\">Raport Magazynu Przemys\u0142u Rybnego &#8211; Kilka s\u0142\u00f3w na temat pstr\u0105ga t\u0119czowego w Polsce i w Europie.&nbsp;<\/p>\n\n\n\n<div class=\"wp-block-buttons is-content-justification-center is-layout-flex wp-container-core-buttons-is-layout-a89b3969 wp-block-buttons-is-layout-flex\">\n<div class=\"wp-block-button\"><a class=\"wp-block-button__link has-foreground-color has-background-background-color has-text-color has-background wp-element-button\" href=\"https:\/\/parolryby.pl\/index.php\/raport-numeru-pstrag-teczowy\/\">czytaj dalej<\/a><\/div>\n<\/div>\n\n\n\n<div style=\"height:56px\" aria-hidden=\"true\" class=\"wp-block-spacer\"><\/div>\n<\/div>\n\n\n\n<div class=\"wp-block-group is-layout-constrained wp-block-group-is-layout-constrained\">\n<h2 class=\"wp-block-heading has-foreground-color has-text-color\"><em><strong><em><strong>Ocena warto\u015bci od\u017cywczych ryb<\/strong><\/em><\/strong><\/em><\/h2>\n\n\n\n<p class=\"has-foreground-color has-text-color\">Strona internetowa&nbsp;<a href=\"http:\/\/www.produktyrybne.pl\/\" target=\"_blank\" rel=\"noreferrer noopener\">http:\/\/www.produktyrybne.pl\/<\/a>&nbsp;powsta\u0142a w ramach projektu &#8222;Okre\u015blenie na podstawie bada\u0144 walor\u00f3w \u017cywieniowych ryb i przetwor\u00f3w oraz ich bezpiecze\u0144stwa zdrowotnego&#8221;, wsp\u00f3\u0142finansowanego ze \u015brodk\u00f3w Unii Europejskiej Sektorowego Programu Operacyjnego&#8230;<\/p>\n\n\n\n<div class=\"wp-block-buttons is-content-justification-center is-layout-flex wp-container-core-buttons-is-layout-a89b3969 wp-block-buttons-is-layout-flex\">\n<div class=\"wp-block-button\"><a class=\"wp-block-button__link has-foreground-color has-background-background-color has-text-color has-background wp-element-button\" href=\"https:\/\/parolryby.pl\/index.php\/ocena-wartosci-odzywczych-ryb\/\">czytaj dalej<\/a><\/div>\n<\/div>\n\n\n\n<div style=\"height:56px\" aria-hidden=\"true\" class=\"wp-block-spacer\"><\/div>\n<\/div>\n","protected":false},"excerpt":{"rendered":"<p>Doktorat W 2005 roku uko\u0144czy\u0142em studia na \u00f3wczesnej Akademii Ekonomicznej w Poznaniu, na Wydziale Towaroznawstwa i zaraz po nich rozpocz\u0105\u0142em studia doktoranckie na Uniwersytecie Warmi\u0144sko-Mazurskim w Olsztynie pod kierunkiem prof. dr hab. Stefana S. Smoczy\u0144skiego. Rozpraw\u0119 doktorsk\u0105 zatytu\u0142owan\u0105 \u201eCzynniki kszta\u0142tuj\u0105ce sk\u0142ad kwas\u00f3w t\u0142uszczowych i wybranych ksenobiotyk\u00f3w w t\u0142uszczu mi\u0119sa ryb s\u0142odkowodnych\u201d obroni\u0142em w 2010 roku [&hellip;]<\/p>\n","protected":false},"author":1,"featured_media":0,"parent":0,"menu_order":0,"comment_status":"closed","ping_status":"closed","template":"","meta":{"footnotes":""},"class_list":["post-233","page","type-page","status-publish","hentry"],"_links":{"self":[{"href":"https:\/\/parolryby.pl\/index.php\/wp-json\/wp\/v2\/pages\/233","targetHints":{"allow":["GET"]}}],"collection":[{"href":"https:\/\/parolryby.pl\/index.php\/wp-json\/wp\/v2\/pages"}],"about":[{"href":"https:\/\/parolryby.pl\/index.php\/wp-json\/wp\/v2\/types\/page"}],"author":[{"embeddable":true,"href":"https:\/\/parolryby.pl\/index.php\/wp-json\/wp\/v2\/users\/1"}],"replies":[{"embeddable":true,"href":"https:\/\/parolryby.pl\/index.php\/wp-json\/wp\/v2\/comments?post=233"}],"version-history":[{"count":18,"href":"https:\/\/parolryby.pl\/index.php\/wp-json\/wp\/v2\/pages\/233\/revisions"}],"predecessor-version":[{"id":359,"href":"https:\/\/parolryby.pl\/index.php\/wp-json\/wp\/v2\/pages\/233\/revisions\/359"}],"wp:attachment":[{"href":"https:\/\/parolryby.pl\/index.php\/wp-json\/wp\/v2\/media?parent=233"}],"curies":[{"name":"wp","href":"https:\/\/api.w.org\/{rel}","templated":true}]}}