{"id":259,"date":"2023-07-16T14:08:25","date_gmt":"2023-07-16T12:08:25","guid":{"rendered":"https:\/\/parolryby.pl\/?page_id=259"},"modified":"2023-07-16T14:08:25","modified_gmt":"2023-07-16T12:08:25","slug":"pstrag-losos-panga-tilapia-i-inne","status":"publish","type":"page","link":"https:\/\/parolryby.pl\/index.php\/pstrag-losos-panga-tilapia-i-inne\/","title":{"rendered":"Pstr\u0105g, \u0142oso\u015b, panga, tilapia i inne&#8230;"},"content":{"rendered":"\n<p>Zach\u0119cam do zapoznania si\u0119 z tre\u015bci\u0105 artyku\u0142u:<\/p>\n\n\n\n<p>[&#8230;] aby dostarczy\u0107 organizmowi rekomendowan\u0105 dzienn\u0105 dawk\u0119 dw\u00f3ch kwas\u00f3w t\u0142uszczowych grupy omega 3 (EPA i DHA) wystarczy zje\u015b\u0107 55 g mi\u0119sa pstr\u0105ga [&#8230;] a pangi 4000g ( a\u017c 4 kilogramy!!!)<\/p>\n\n\n\n<div class=\"wp-block-buttons is-content-justification-center is-layout-flex wp-container-core-buttons-is-layout-a89b3969 wp-block-buttons-is-layout-flex\">\n<div class=\"wp-block-button\"><a class=\"wp-block-button__link has-foreground-color has-text-color wp-element-button\" href=\"\" target=\"_blank\" rel=\"noreferrer noopener\">Artyku\u0142<\/a><\/div>\n<\/div>\n","protected":false},"excerpt":{"rendered":"<p>Zach\u0119cam do zapoznania si\u0119 z tre\u015bci\u0105 artyku\u0142u: [&#8230;] aby dostarczy\u0107 organizmowi rekomendowan\u0105 dzienn\u0105 dawk\u0119 dw\u00f3ch kwas\u00f3w t\u0142uszczowych grupy omega 3 (EPA i DHA) wystarczy zje\u015b\u0107 55 g mi\u0119sa pstr\u0105ga [&#8230;] a pangi 4000g ( a\u017c 4 kilogramy!!!)<\/p>\n","protected":false},"author":1,"featured_media":0,"parent":0,"menu_order":0,"comment_status":"closed","ping_status":"closed","template":"","meta":{"footnotes":""},"class_list":["post-259","page","type-page","status-publish","hentry"],"_links":{"self":[{"href":"https:\/\/parolryby.pl\/index.php\/wp-json\/wp\/v2\/pages\/259","targetHints":{"allow":["GET"]}}],"collection":[{"href":"https:\/\/parolryby.pl\/index.php\/wp-json\/wp\/v2\/pages"}],"about":[{"href":"https:\/\/parolryby.pl\/index.php\/wp-json\/wp\/v2\/types\/page"}],"author":[{"embeddable":true,"href":"https:\/\/parolryby.pl\/index.php\/wp-json\/wp\/v2\/users\/1"}],"replies":[{"embeddable":true,"href":"https:\/\/parolryby.pl\/index.php\/wp-json\/wp\/v2\/comments?post=259"}],"version-history":[{"count":1,"href":"https:\/\/parolryby.pl\/index.php\/wp-json\/wp\/v2\/pages\/259\/revisions"}],"predecessor-version":[{"id":260,"href":"https:\/\/parolryby.pl\/index.php\/wp-json\/wp\/v2\/pages\/259\/revisions\/260"}],"wp:attachment":[{"href":"https:\/\/parolryby.pl\/index.php\/wp-json\/wp\/v2\/media?parent=259"}],"curies":[{"name":"wp","href":"https:\/\/api.w.org\/{rel}","templated":true}]}}