{"id":261,"date":"2023-07-16T14:10:16","date_gmt":"2023-07-16T12:10:16","guid":{"rendered":"https:\/\/parolryby.pl\/?page_id=261"},"modified":"2023-07-16T14:10:16","modified_gmt":"2023-07-16T12:10:16","slug":"prozdrowotne-cechy-miesa-ryb","status":"publish","type":"page","link":"https:\/\/parolryby.pl\/index.php\/prozdrowotne-cechy-miesa-ryb\/","title":{"rendered":"Prozdrowotne cechy mi\u0119sa ryb"},"content":{"rendered":"\n<p>\u017bywno\u015b\u0107 funkcjonalna nabiera w naszym kraju coraz wi\u0119kszego znaczenia, Polacy zaczynaj\u0105 dostrzega\u0107 potrzeb\u0119 zdrowego od\u017cywiania, a wzrost \u015bwiadomo\u015bci konsument\u00f3w skutkuje coraz wi\u0119kszym spo\u017cyciem \u017cywno\u015bci o udokumentowanym prozdrowotnym dzia\u0142aniu. Do tego typu po\u017cywienia, mi\u0119dzy innymi oczywi\u015bcie, nale\u017cy zaliczy\u0107 ryby i przetwory rybne. Dieta w nie bogata zalecana jest osobom starszym, z niedoczynno\u015bci\u0105 uk\u0142adu kr\u0105\u017cenia, osobom z problemami uk\u0142adu pokarmowego, nerwowego oraz kobietom w ci\u0105\u017cy. To w\u0142a\u015bnie tym produktom przypisuje si\u0119 wspomaganie w zapobieganiu a nawet leczeniu, niekt\u00f3rych schorze\u0144, jak r\u00f3wnie\u017c utrzymaniu zdrowej kondycji fizycznej i psychicznej.<\/p>\n\n\n\n<div class=\"wp-block-buttons is-content-justification-center is-layout-flex wp-container-core-buttons-is-layout-a89b3969 wp-block-buttons-is-layout-flex\">\n<div class=\"wp-block-button\"><a class=\"wp-block-button__link has-foreground-color has-background-background-color has-text-color has-background wp-element-button\">Artyku\u0142<\/a><\/div>\n<\/div>\n","protected":false},"excerpt":{"rendered":"<p>\u017bywno\u015b\u0107 funkcjonalna nabiera w naszym kraju coraz wi\u0119kszego znaczenia, Polacy zaczynaj\u0105 dostrzega\u0107 potrzeb\u0119 zdrowego od\u017cywiania, a wzrost \u015bwiadomo\u015bci konsument\u00f3w skutkuje coraz wi\u0119kszym spo\u017cyciem \u017cywno\u015bci o udokumentowanym prozdrowotnym dzia\u0142aniu. Do tego typu po\u017cywienia, mi\u0119dzy innymi oczywi\u015bcie, nale\u017cy zaliczy\u0107 ryby i przetwory rybne. Dieta w nie bogata zalecana jest osobom starszym, z niedoczynno\u015bci\u0105 uk\u0142adu kr\u0105\u017cenia, osobom z [&hellip;]<\/p>\n","protected":false},"author":1,"featured_media":0,"parent":0,"menu_order":0,"comment_status":"closed","ping_status":"closed","template":"","meta":{"footnotes":""},"class_list":["post-261","page","type-page","status-publish","hentry"],"_links":{"self":[{"href":"https:\/\/parolryby.pl\/index.php\/wp-json\/wp\/v2\/pages\/261","targetHints":{"allow":["GET"]}}],"collection":[{"href":"https:\/\/parolryby.pl\/index.php\/wp-json\/wp\/v2\/pages"}],"about":[{"href":"https:\/\/parolryby.pl\/index.php\/wp-json\/wp\/v2\/types\/page"}],"author":[{"embeddable":true,"href":"https:\/\/parolryby.pl\/index.php\/wp-json\/wp\/v2\/users\/1"}],"replies":[{"embeddable":true,"href":"https:\/\/parolryby.pl\/index.php\/wp-json\/wp\/v2\/comments?post=261"}],"version-history":[{"count":1,"href":"https:\/\/parolryby.pl\/index.php\/wp-json\/wp\/v2\/pages\/261\/revisions"}],"predecessor-version":[{"id":262,"href":"https:\/\/parolryby.pl\/index.php\/wp-json\/wp\/v2\/pages\/261\/revisions\/262"}],"wp:attachment":[{"href":"https:\/\/parolryby.pl\/index.php\/wp-json\/wp\/v2\/media?parent=261"}],"curies":[{"name":"wp","href":"https:\/\/api.w.org\/{rel}","templated":true}]}}